{"id":2219,"date":"2025-12-30T09:51:18","date_gmt":"2025-12-30T09:51:18","guid":{"rendered":"https:\/\/dev256.kodesolution.com\/landspire\/?page_id=2219"},"modified":"2026-03-25T12:46:04","modified_gmt":"2026-03-25T11:46:04","slug":"blog","status":"publish","type":"page","link":"https:\/\/mgopieka24.pl\/index.php\/blog\/","title":{"rendered":"Blog"},"content":{"rendered":"\t\t<div data-elementor-type=\"wp-page\" data-elementor-id=\"2219\" class=\"elementor elementor-2219\">\n\t\t\t\t<div class=\"elementor-element elementor-element-1974619 e-flex e-con-boxed tm-col-stretched-none tm-bg-color-over-image e-con e-parent\" data-id=\"1974619\" data-element_type=\"container\" data-e-type=\"container\">\n\t\t\t\t\t<div class=\"e-con-inner\">\n\t\t<div class=\"elementor-element elementor-element-4eb46b2 e-con-full e-flex tm-col-stretched-none tm-bg-color-over-image e-con e-child\" data-id=\"4eb46b2\" data-element_type=\"container\" data-e-type=\"container\">\n\t\t<div class=\"elementor-element elementor-element-09c7588 e-con-full tm-col-stretched-none e-flex tm-bg-color-over-image e-con e-child\" data-id=\"09c7588\" data-element_type=\"container\" data-e-type=\"container\">\n\t\t\t\t<div class=\"elementor-element elementor-element-dd88a79 elementor-widget elementor-widget-tm-ele-blog\" data-id=\"dd88a79\" data-element_type=\"widget\" data-e-type=\"widget\" data-widget_type=\"tm-ele-blog.skin-style-current-theme2\">\n\t\t\t\t<div class=\"elementor-widget-container\">\n\t\t\t\t\t\t<div class=\"tm-sc-blog tm-sc-blog-grid \">\r\n\t\t\r\n\t\r\n\t\t<!-- Isotope Gallery Grid -->\r\n\t\t<div id=\"blog-holder-640774\" class=\"isotope-layout grid-3 gutter-10 clearfix\">\r\n\t\t\t<div class=\"isotope-layout-inner\">\r\n\r\n\t\t\t\t<!-- the loop -->\r\n\t\t\t\t\t\t\t\t\t\t\t\t\t\t\t\t<div class=\"isotope-item koszt-opieki-nad-seniorem\">\r\n\t\t\t\t\t<div class=\"isotope-item-inner \" data-wow-delay=\"\">\r\n\t\t\t\t\t\t<article class=\"post-988 post type-post status-publish format-standard has-post-thumbnail hentry category-koszt-opieki-nad-seniorem\">\r\n\t<!-- News Block -->\r\n<div class=\"blog-item-current-style2\">\r\n\t<div class=\"thumb\">\r\n\t\t<img fetchpriority=\"high\" decoding=\"async\" src=\"https:\/\/mgopieka24.pl\/wp-content\/uploads\/2026\/01\/senior-bg11.jpg\" width=\"1920\" height=\"1280\" alt=\"Ile kosztuje opieka nad seniorem w 2026 roku? Przewodnik po kosztach kosztach i mo\u017cliwo\u015bciach wsparcia\"\/>\t\t<img fetchpriority=\"high\" decoding=\"async\" src=\"https:\/\/mgopieka24.pl\/wp-content\/uploads\/2026\/01\/senior-bg11.jpg\" width=\"1920\" height=\"1280\" alt=\"Ile kosztuje opieka nad seniorem w 2026 roku? Przewodnik po kosztach kosztach i mo\u017cliwo\u015bciach wsparcia\"\/>\t<\/div>\r\n\t<div class=\"content\">\r\n\t\t\t\t\t<a href=\"https:\/\/mgopieka24.pl\/index.php\/category\/koszt-opieki-nad-seniorem\/\" class=\"tag\">Koszt opieki nad seniorem<\/a>\r\n\t\t\t\t\t\t\t\t<h4 class=\"entry-title\"><a href=\"https:\/\/mgopieka24.pl\/index.php\/2026\/03\/06\/ile-kosztuje-opieka-nad-seniorem-w-2026-roku-przewodnik-po-kosztach-kosztach-i-mozliwosciach-wsparcia\/\" rel=\"bookmark\">Ile kosztuje opieka nad seniorem w 2026 roku? Przewodnik po kosztach kosztach i mo\u017cliwo\u015bciach wsparcia<\/a><\/h4>\t\t\t\t\t\t\t\t\t<a href=\"https:\/\/mgopieka24.pl\/index.php\/2026\/03\/06\/ile-kosztuje-opieka-nad-seniorem-w-2026-roku-przewodnik-po-kosztach-kosztach-i-mozliwosciach-wsparcia\/\" class=\"link-btn\">\r\n\t\t\t\tCzytaj dalej <i class=\"fa fa-arrow-right\"><\/i>\r\n\t\t\t<\/a>\r\n\t\t\t<\/div>\r\n<\/div><\/article>\t\t\t\t\t<\/div>\r\n\t\t\t\t<\/div>\r\n\t\t\t\t\t\t\t\t\t\t\t\t\t\t\t\t<div class=\"isotope-item opieka-w-domu-czy-w-szpitalu\">\r\n\t\t\t\t\t<div class=\"isotope-item-inner \" data-wow-delay=\"\">\r\n\t\t\t\t\t\t<article class=\"post-981 post type-post status-publish format-standard has-post-thumbnail hentry category-opieka-w-domu-czy-w-szpitalu\">\r\n\t<!-- News Block -->\r\n<div class=\"blog-item-current-style2\">\r\n\t<div class=\"thumb\">\r\n\t\t<img decoding=\"async\" src=\"https:\/\/mgopieka24.pl\/wp-content\/uploads\/2026\/01\/senior-bg12.jpg\" width=\"1920\" height=\"1280\" alt=\"Opieka domowa czy dom seniora? 5 powod\u00f3w, dla kt\u00f3rych wielu senior\u00f3w lepiej czuje si\u0119 we w\u0142asnym domu\"\/>\t\t<img decoding=\"async\" src=\"https:\/\/mgopieka24.pl\/wp-content\/uploads\/2026\/01\/senior-bg12.jpg\" width=\"1920\" height=\"1280\" alt=\"Opieka domowa czy dom seniora? 5 powod\u00f3w, dla kt\u00f3rych wielu senior\u00f3w lepiej czuje si\u0119 we w\u0142asnym domu\"\/>\t<\/div>\r\n\t<div class=\"content\">\r\n\t\t\t\t\t<a href=\"https:\/\/mgopieka24.pl\/index.php\/category\/opieka-w-domu-czy-w-szpitalu\/\" class=\"tag\">Opieka w domu czy w szpitalu<\/a>\r\n\t\t\t\t\t\t\t\t<h4 class=\"entry-title\"><a href=\"https:\/\/mgopieka24.pl\/index.php\/2026\/03\/04\/opieka-domowa-czy-dom-seniora-5-powodow-dla-ktorych-wielu-seniorow-lepiej-czuje-sie-we-wlasnym-domu\/\" rel=\"bookmark\">Opieka domowa czy dom seniora? 5 powod\u00f3w, dla kt\u00f3rych wielu senior\u00f3w lepiej czuje si\u0119 we w\u0142asnym domu<\/a><\/h4>\t\t\t\t\t\t\t\t\t<a href=\"https:\/\/mgopieka24.pl\/index.php\/2026\/03\/04\/opieka-domowa-czy-dom-seniora-5-powodow-dla-ktorych-wielu-seniorow-lepiej-czuje-sie-we-wlasnym-domu\/\" class=\"link-btn\">\r\n\t\t\t\tCzytaj dalej <i class=\"fa fa-arrow-right\"><\/i>\r\n\t\t\t<\/a>\r\n\t\t\t<\/div>\r\n<\/div><\/article>\t\t\t\t\t<\/div>\r\n\t\t\t\t<\/div>\r\n\t\t\t\t\t\t\t\t\t\t\t\t\t\t\t\t<div class=\"isotope-item jak-przygotowac-dom-dla-opiekunki\">\r\n\t\t\t\t\t<div class=\"isotope-item-inner \" data-wow-delay=\"\">\r\n\t\t\t\t\t\t<article class=\"post-985 post type-post status-publish format-standard has-post-thumbnail hentry category-jak-przygotowac-dom-dla-opiekunki\">\r\n\t<!-- News Block -->\r\n<div class=\"blog-item-current-style2\">\r\n\t<div class=\"thumb\">\r\n\t\t<img decoding=\"async\" src=\"https:\/\/mgopieka24.pl\/wp-content\/uploads\/2026\/01\/senior-bg10.jpg\" width=\"1920\" height=\"1280\" alt=\"Jak przygotowa\u0107 dom na przyj\u015bcie opiekuna? Praktyczna lista kontrolna.\"\/>\t\t<img decoding=\"async\" src=\"https:\/\/mgopieka24.pl\/wp-content\/uploads\/2026\/01\/senior-bg10.jpg\" width=\"1920\" height=\"1280\" alt=\"Jak przygotowa\u0107 dom na przyj\u015bcie opiekuna? Praktyczna lista kontrolna.\"\/>\t<\/div>\r\n\t<div class=\"content\">\r\n\t\t\t\t\t<a href=\"https:\/\/mgopieka24.pl\/index.php\/category\/jak-przygotowac-dom-dla-opiekunki\/\" class=\"tag\">Jak przygotowa\u0107 dom dla opiekunki<\/a>\r\n\t\t\t\t\t\t\t\t<h4 class=\"entry-title\"><a href=\"https:\/\/mgopieka24.pl\/index.php\/2026\/03\/03\/jak-przygotowac-dom-na-przyjscie-opiekuna-praktyczna-lista-kontrolna\/\" rel=\"bookmark\">Jak przygotowa\u0107 dom na przyj\u015bcie opiekuna? Praktyczna lista kontrolna.<\/a><\/h4>\t\t\t\t\t\t\t\t\t<a href=\"https:\/\/mgopieka24.pl\/index.php\/2026\/03\/03\/jak-przygotowac-dom-na-przyjscie-opiekuna-praktyczna-lista-kontrolna\/\" class=\"link-btn\">\r\n\t\t\t\tCzytaj dalej <i class=\"fa fa-arrow-right\"><\/i>\r\n\t\t\t<\/a>\r\n\t\t\t<\/div>\r\n<\/div><\/article>\t\t\t\t\t<\/div>\r\n\t\t\t\t<\/div>\r\n\t\t\t\t\t\t\t\t<!-- end of the loop -->\r\n\t\t\t<\/div>\r\n\t\t<\/div>\r\n\t\t\t<\/div>\r\n\r\n\r\n\t\t\t\t<\/div>\n\t\t\t\t<\/div>\n\t\t\t\t<\/div>\n\t\t\t\t<\/div>\n\t\t\t\t\t<\/div>\n\t\t\t\t<\/div>\n\t\t\t\t<\/div>\n\t\t","protected":false},"excerpt":{"rendered":"<p>Koszt opieki nad seniorem Ile kosztuje opieka nad seniorem w 2026 roku? Przewodnik po kosztach i dofinansowaniach. Czytaj dalej Opieka&#8230;<\/p>\n","protected":false},"author":1,"featured_media":0,"parent":0,"menu_order":0,"comment_status":"closed","ping_status":"closed","template":"","meta":{"footnotes":""},"class_list":["post-2219","page","type-page","status-publish","hentry"],"_links":{"self":[{"href":"https:\/\/mgopieka24.pl\/index.php\/wp-json\/wp\/v2\/pages\/2219","targetHints":{"allow":["GET"]}}],"collection":[{"href":"https:\/\/mgopieka24.pl\/index.php\/wp-json\/wp\/v2\/pages"}],"about":[{"href":"https:\/\/mgopieka24.pl\/index.php\/wp-json\/wp\/v2\/types\/page"}],"author":[{"embeddable":true,"href":"https:\/\/mgopieka24.pl\/index.php\/wp-json\/wp\/v2\/users\/1"}],"replies":[{"embeddable":true,"href":"https:\/\/mgopieka24.pl\/index.php\/wp-json\/wp\/v2\/comments?post=2219"}],"version-history":[{"count":9,"href":"https:\/\/mgopieka24.pl\/index.php\/wp-json\/wp\/v2\/pages\/2219\/revisions"}],"predecessor-version":[{"id":6863,"href":"https:\/\/mgopieka24.pl\/index.php\/wp-json\/wp\/v2\/pages\/2219\/revisions\/6863"}],"wp:attachment":[{"href":"https:\/\/mgopieka24.pl\/index.php\/wp-json\/wp\/v2\/media?parent=2219"}],"curies":[{"name":"wp","href":"https:\/\/api.w.org\/{rel}","templated":true}]}}