{"id":7056,"date":"2026-03-27T10:49:52","date_gmt":"2026-03-27T09:49:52","guid":{"rendered":"https:\/\/mgopieka24.pl\/?page_id=7056"},"modified":"2026-04-08T11:46:25","modified_gmt":"2026-04-08T09:46:25","slug":"polityka-prywatnosci","status":"publish","type":"page","link":"https:\/\/mgopieka24.pl\/index.php\/polityka-prywatnosci\/","title":{"rendered":"Polityka prywatno\u015bci"},"content":{"rendered":"\t\t<div data-elementor-type=\"wp-page\" data-elementor-id=\"7056\" class=\"elementor elementor-7056\">\n\t\t\t\t<div class=\"elementor-element elementor-element-0b1c3bd e-flex e-con-boxed tm-col-stretched-none tm-bg-color-over-image e-con e-parent\" data-id=\"0b1c3bd\" data-element_type=\"container\" data-e-type=\"container\">\n\t\t\t\t\t<div class=\"e-con-inner\">\n\t\t\t\t<div class=\"elementor-element elementor-element-f7c9d54 elementor-widget elementor-widget-heading\" data-id=\"f7c9d54\" data-element_type=\"widget\" data-e-type=\"widget\" data-widget_type=\"heading.default\">\n\t\t\t\t\t<h2 class=\"elementor-heading-title elementor-size-default\">Polityka prywatno\u015bci witryny internetowej MGsolutions MGJJ Sp. z o.o. Sp. k.\u00a0<\/h2>\t\t\t\t<\/div>\n\t\t\t\t\t<\/div>\n\t\t\t\t<\/div>\n\t\t<div class=\"elementor-element elementor-element-da04a60 e-flex e-con-boxed tm-col-stretched-none tm-bg-color-over-image e-con e-parent\" data-id=\"da04a60\" data-element_type=\"container\" data-e-type=\"container\">\n\t\t\t\t\t<div class=\"e-con-inner\">\n\t\t\t\t<div class=\"elementor-element elementor-element-5673310 elementor-widget elementor-widget-text-editor\" data-id=\"5673310\" data-element_type=\"widget\" data-e-type=\"widget\" data-widget_type=\"text-editor.default\">\n\t\t\t\t\t\t\t\t\t<p><\/p><ol><li><strong>Informacje og\u00f3lne<\/strong><\/li><\/ol><p>Niniejszy dokument okre\u015bla zasady przetwarzania i ochrony danych osobowych przekazanych przez U\u017cytkownik\u00f3w w zwi\u0105zku z korzystaniem z niniejszej strony internetowej oraz w innych przypadkach, gdy MGsolutions MGJJ Sp. z o.o. Sp. k. jest Administratorem Danych Osobowych. Polityka Prywatno\u015bci powsta\u0142a w\u00a0celu zapewnienia pe\u0142nej i\u00a0przejrzystej realizacji obowi\u0105zku informacyjnego wynikaj\u0105cego z\u00a0Rozporz\u0105dzenia Parlamentu Europejskiego i\u00a0Rady (UE) 2016\/679 z\u00a0dnia 27 kwietnia 2016\u00a0r. w\u00a0sprawie ochrony os\u00f3b fizycznych w\u00a0zwi\u0105zku z\u00a0przetwarzaniem danych osobowych i\u00a0w\u00a0sprawie swobodnego przep\u0142ywu takich danych oraz\u00a0uchylenia dyrektywy 95\/46\/WE (RODO).<\/p><ol start=\"2\"><li><strong>Administrator Danych Osobowych<\/strong><\/li><\/ol><p>Administratorem Danych Osobowych U\u017cytkownik\u00f3w serwisu jest MGsolutions MG JJ Sp. z o.o. Sp. k. z siedzib\u0105 przy ul. My\u015blenickiej 133<em>\u00a0<\/em>w Krakowie. Dane kontaktowe Administratora Danych dost\u0119pne s\u0105\u00a0w zak\u0142adce\u00a0<em>Kontakt.<span>\u00a0<\/span><\/em>Z\u00a0Inspektorem Ochrony Danych, Panem Jackiem Kaflowskim, mo\u017cna skontaktowa\u0107 si\u0119 pod\u00a0adresem iodo@mg-central.pl.<\/p><p>Dane osobowe przekazane za po\u015brednictwem naszej strony internetowej w formularzu aplikacyjnym s\u0105 przetwarzane przez MGcentral Justyna Kracik z siedzib\u0105 przy ul. My\u015blenickiej 133 w Krakowie jako Administratora Danych Osobowych, zgodnie z obowi\u0105zkiem informacyjnym przekazanym w formularzu. W ramach procesu rekrutacji MGsolutions MGJJ Sp. z o.o. Sp. k. nie wyst\u0119puje jako Administrator Danych Osobowych.<\/p><ol start=\"3\"><li><strong>Zakres przetwarzanych danych osobowych<\/strong><\/li><\/ol><p>Przetwarzaniem danych osobowych jest co do zasady ka\u017cda czynno\u015b\u0107 na danych osobowych, niezale\u017cnie od tego, czy jest dokonywana w spos\u00f3b zautomatyzowany, czy\u00a0te\u017c nie, np.:\u00a0zbieranie, przechowywanie, utrwalanie, porz\u0105dkowanie, modyfikowanie, przegl\u0105danie, wykorzystywanie, udost\u0119pnianie, ograniczanie, usuwanie lub niszczenie. Dane osobowe przetwarzane s\u0105 wy\u0142\u0105cznie w przypadkach, gdy osoba, kt\u00f3rej dane dotycz\u0105, wyrazi\u0142a na to zgod\u0119 lub gdy Administrator posiada inn\u0105 podstaw\u0119 prawn\u0105 pozwalaj\u0105c\u0105 przetwarza\u0107 dane osobowe.<\/p><p>Poni\u017cej wyszczeg\u00f3lnione zosta\u0142y cele i zakres przetwarzania danych osobowych zgromadzonych w zwi\u0105zku z funkcjonowaniem strony internetowej, wraz z podstawami prawnymi:<\/p><ol start=\"4\"><li><strong>Cele, zakres i czas przetwarzania danych osobowych<\/strong><\/li><\/ol><p><strong>Cel:<span>\u00a0<\/span><em>Realizacja procesu rekrutacyjnego<br \/><\/em>Podstawa prawna:<\/strong><em><span>\u00a0<\/span>Art. 6 ust. 1 lit. a) RODO \u2013 zgoda osoby, kt\u00f3rej dane dotycz\u0105.<\/em><strong><br \/>Zakres przetwarzanych danych:<\/strong><em><span>\u00a0<\/span>Imi\u0119, nazwisko, p\u0142e\u0107, data urodzenia, numer telefonu, adres e-mail, informacje o posiadanym prawie jazdy, stopie\u0144 znajomo\u015bci j\u0119zyk\u00f3w obcych, dodatkowe uprawnienia, pozosta\u0142e dane zawarte w cv lub innych za\u0142\u0105cznikach przekazanych przez kandydat\u00f3w do pracy.<\/em><strong><br \/>Okres przechowywania danych:<span>\u00a0<\/span><\/strong><em>\u00a0<\/em><em>Dane b\u0119d\u0105 usuwane w przypadku odrzucenia aplikacji ze wzgl\u0119du na niespe\u0142nienie podstawowych warunk\u00f3w prawnych wskazanych w ofercie pracy lub rok po wyra\u017ceniu zgody na przetwarzanie danych w celach rekrutacyjnych.<\/em><\/p><p><strong>Nazwa Administratora Danych Osobowych:<\/strong><em><span>\u00a0<\/span>MGcentral Justyna Kracik<\/em><\/p><p><strong>Cel:<span>\u00a0<\/span><em>Prowadzenie korespondencji<br \/><\/em>Podstawa prawna:<\/strong><em><span>\u00a0<\/span>Art. 6 ust. 1 lit. f) RODO \u2013 prawnie uzasadniony interes realizowany przez administratora. Naszym prawnie uzasadnionym interesem jest udzielenie odpowiedzi na Pa\u0144stwa zapytania oraz przesy\u0142anie niezb\u0119dnych informacji drog\u0105 elektroniczn\u0105<\/em>.<strong><br \/>Zakres przetwarzanych danych:<\/strong><em><span>\u00a0<\/span>Dane osobowe stron korespondencji w zakresie: imi\u0119, nazwisko, adres e-mail, numer telefonu<\/em>.<strong><br \/>Okres przechowywania danych:<\/strong><span>\u00a0<\/span><em>Dane b\u0119d\u0105 usuwane po okresie 10 lat.<\/em><strong><br \/>Nazwa Administratora Danych Osobowych:<\/strong><em><span>\u00a0<\/span>MGsolutions MG JJ Sp. z o.o. Sp. k.<\/em><\/p><p><strong>Cel:<span>\u00a0<\/span><em>Nawi\u0105zanie kontaktu za pomoc\u0105 portalu spo\u0142eczno\u015bciowego Facebook\/Instagram\/TikTok<br \/><\/em>Podstawa prawna:<\/strong><em><span>\u00a0<\/span>Art. 6 ust. 1 lit. f) RODO \u2013 prawnie uzasadniony interes realizowany przez administratora. Naszym prawnie uzasadnionym interesem jest udzielenie informacji zwrotnej na przes\u0142an\u0105 wiadomo\u015b\u0107<\/em>.<strong><br \/>Zakres przetwarzanych danych:<\/strong><em><span>\u00a0<\/span>Dane osobowe w zakresie podanym w profilu u\u017cytkownika w serwisie spo\u0142eczno\u015bciowym, interakcje na profilach, tre\u015b\u0107 korespondencji.\u00a0<strong><br \/><\/strong><\/em><strong>Okres przechowywania danych:<\/strong><em><span>\u00a0<\/span>Dane b\u0119d\u0105 przetwarzane przez okres prowadzenia profilu lub do momentu, w kt\u00f3rym u\u017cytkownik przestanie go obserwowa\u0107. Dane, w szczeg\u00f3lno\u015bci b\u0119d\u0105ce tre\u015bci\u0105 korespondencji, mog\u0105 by\u0107 przetwarzane przez okres 10 lat.<\/em><\/p><p><strong>Nazwa Administratora Danych Osobowych:<\/strong><em><span>\u00a0<\/span>MGsolutions MG JJ Sp. z o.o. Sp. k.<\/em><\/p><ol start=\"5\"><li><strong>Przechowywanie danych osobowych<\/strong><\/li><\/ol><p>MGsolutions MG JJ Sp. z o.o. Sp. k.<em>\u00a0<\/em>stosuje zasad\u0119 ograniczenia przechowywania danych osobowych, kt\u00f3ra zabezpiecza dane przed ich przetwarzaniem przez okres d\u0142u\u017cszy, ni\u017c jest to niezb\u0119dne do cel\u00f3w, w kt\u00f3rych dane s\u0105 przetwarzane. Gdy\u00a0sp\u00f3\u0142ka<em>\u00a0\u00a0<\/em>osi\u0105gnie cel przetwarzania, w\u00f3wczas usuwa lub anonimizuje dane zgodnie z okresem retencji wskazanym w punkcie 4 niniejszej Polityki Prywatno\u015bci.<\/p><ol start=\"6\"><li><strong>Ujawnianie danych osobowych<\/strong><\/li><\/ol><p>Administrator wdro\u017cy\u0142 procedury umo\u017cliwiaj\u0105ce dost\u0119p do danych osobowych jedynie osobom upowa\u017cnionym. Administrator podejmuje wszelkie niezb\u0119dne dzia\u0142ania, by\u00a0tak\u017ce ich podwykonawcy i\u00a0inne podmioty wsp\u00f3\u0142pracuj\u0105ce dawa\u0142y gwarancj\u0119 stosowania odpowiednich \u015brodk\u00f3w bezpiecze\u0144stwa w ka\u017cdym przypadku, gdy\u00a0przetwarzaj\u0105 dane osobowe na\u00a0zlecenie Administratora.<\/p><p>W\u00a0zwi\u0105zku z\u00a0prowadzeniem dzia\u0142alno\u015bci wymagaj\u0105cej przetwarzania danych osobowych, dane mog\u0105 by\u0107 ujawniane podwykonawcom Administratora, kt\u00f3rzy\u00a0pomagaj\u0105 wykonywa\u0107 okre\u015blone zadania i\u00a0\u015bwiadczy\u0107 wybrane us\u0142ugi. Dane mog\u0105 by\u0107 ujawniane wy\u0142\u0105cznie w\u00a0zakresie \u015bwiadczonych us\u0142ug, w\u00a0szczeg\u00f3lno\u015bci podmiotom wykonuj\u0105cym us\u0142ugi administracyjne, serwisowe, doradcze, konsultacyjne, obs\u0142ug\u0119 prawn\u0105 oraz\u00a0ksi\u0119gow\u0105, serwisowi IT oraz\u00a0dostawcom us\u0142ug hostingu. \u00a0<\/p><ol start=\"7\"><li><strong>Prawa os\u00f3b<\/strong><\/li><\/ol><p>Ka\u017cda osoba ma\u00a0mo\u017cliwo\u015b\u0107 wyboru w\u00a0jakim zakresie chce korzysta\u0107 z\u00a0naszych us\u0142ug i\u00a0jakie informacje o sobie chce udost\u0119pnia\u0107. Informujemy r\u00f3wnie\u017c, \u017ce osoba, kt\u00f3rej dane dotycz\u0105, w dowolnym momencie ma prawo \u017c\u0105da\u0107 od Administratora realizacji praw przys\u0142uguj\u0105cych jej zgodnie z\u00a0obowi\u0105zuj\u0105cymi przepisami Rozporz\u0105dzenia o Ochronie Danych Osobowych. Podmiotom danych przys\u0142uguje prawo do \u017c\u0105dania nast\u0119puj\u0105cych praw:<\/p><ul><li>Prawa do uzyskania dost\u0119pu do danych osobowych dotycz\u0105cych swojej osoby \u2013 na\u00a0tej\u00a0podstawie Administrator przekazuje osobie fizycznej zg\u0142aszaj\u0105cej \u017c\u0105danie informacj\u0119 o\u00a0przetwarzaniu danych, w tym przede wszystkim o celach i podstawach prawnych przetwarzania, zakresie posiadanych danych, podmiotach, kt\u00f3rym\u00a0s\u0105\u00a0ujawniane i planowanym terminie usuni\u0119cia danych;<\/li><li>Prawa do sprostowania danych \u2013 Administrator zobowi\u0105zany jest usuwa\u0107 ewentualne niezgodno\u015bci lub b\u0142\u0119dy przetwarzanych danych osobowych oraz uzupe\u0142nia\u0107 je, je\u015bli s\u0105\u00a0niekompletne;<\/li><li>Prawa do usuni\u0119cia danych \u2013 na tej podstawie mo\u017cna \u017c\u0105da\u0107 usuni\u0119cia danych, kt\u00f3rych\u00a0przetwarzanie nie jest ju\u017c niezb\u0119dne do realizowania \u017cadnego z cel\u00f3w, dla kt\u00f3rych\u00a0zosta\u0142y zebrane;<\/li><li>Prawa do ograniczenia przetwarzania \u2013 w razie zg\u0142oszenia takiego \u017c\u0105dania Administrator zaprzestaje wykonywania operacji na danych osobowych \u2013 z wyj\u0105tkiem operacji, na\u00a0kt\u00f3re wyrazi\u0142 zgod\u0119 Podmiot danych \u2013 oraz ich przechowywania, zgodnie z\u00a0przyj\u0119tymi zasadami retencji;<\/li><li>Prawa do przenoszenia danych \u2013 osoba, kt\u00f3rej dane dotycz\u0105, ma prawo otrzyma\u0107 w ustrukturyzowanym, powszechnie u\u017cywanym formacie nadaj\u0105cym si\u0119 do odczytu maszynowego dane osobowe jej dotycz\u0105ce, kt\u00f3re dostarczy\u0142a Administratorowi oraz ma prawo przes\u0142a\u0107 te\u00a0dane innemu Administratorowi;<\/li><li>Prawa sprzeciwu wobec przetwarzania danych \u2013 Podmiot danych mo\u017ce w\u00a0ka\u017cdym momencie sprzeciwi\u0107 si\u0119 przetwarzaniu danych osobowych, kt\u00f3re odbywa si\u0119 na podstawie prawnie uzasadnionego interesu Administratora, sprzeciw w\u00a0tym zakresie powinien zawiera\u0107 uzasadnienie;<\/li><li>Prawa wycofania zgody \u2013 je\u015bli dane przetwarzane s\u0105\u00a0na\u00a0podstawie wyra\u017conej zgody, Podmiot danych ma\u00a0prawo wycofa\u0107 j\u0105\u00a0w\u00a0dowolnym momencie, co\u00a0jednak nie wp\u0142ywa na zgodno\u015b\u0107 z prawem przetwarzania dokonanego przed\u00a0jej wycofaniem;<\/li><li>Prawa do z\u0142o\u017cenia skargi \u2013 w\u00a0przypadku uznania, \u017ce\u00a0przetwarzanie danych osobowych narusza przepisy RODO lub inne przepisy dotycz\u0105ce ochrony danych osobowych, Podmiot danych mo\u017ce z\u0142o\u017cy\u0107 skarg\u0119 do organu nadzoruj\u0105cego przetwarzanie danych osobowych, w\u0142a\u015bciwego ze\u00a0wzgl\u0119du na\u00a0miejsce zwyk\u0142ego pobytu Podmiotu danych, jego miejsce pracy lub miejsce pope\u0142nienia domniemanego naruszenia.<\/li><\/ul><p>Tam, gdzie Administrator korzysta z\u00a0us\u0142ug podwykonawc\u00f3w, dane osobowe pozostaj\u0105 pod kontrol\u0105 Administratora, kt\u00f3ry wdro\u017cy\u0142 procedury celem zapewnienia, \u017ce\u00a0dane osobowe podlegaj\u0105 nale\u017cytej ochronie i \u017ce s\u0105 przetwarzane w\u00a0spos\u00f3b bezpieczny, zgodnie z\u00a0postanowieniami niniejszej Polityki.<\/p><ol start=\"8\"><li><strong>Przekazywanie danych osobowych do pa\u0144stw trzecich<\/strong><\/li><\/ol><p>W ramach promowania swojej dzia\u0142alno\u015bci, Administrator posiada konta w serwisach spo\u0142eczno\u015bciowych Facebook\/Instagram (Meta) i TikTok. Je\u015bli u\u017cytkownik skontaktuje si\u0119 dobrowolnie za po\u015brednictwem preferowanych przez siebie narz\u0119dzi oferowanych przez media spo\u0142eczno\u015bciowe, Administrator udzieli odpowiedzi tym samym kana\u0142em i poprosi o przeniesienie lub samodzielnie przeniesie kontakt na oficjalny kana\u0142 (link to formularza aplikacyjnego\/telefon\/mail).<\/p><p>Informujemy, \u017ce dobrowolne korzystanie z funkcjonalno\u015bci oferowanych przez media spo\u0142eczno\u015bciowe wi\u0105\u017ce si\u0119 z konieczno\u015bci\u0105 przekazania danych poza Europejski Obszar Gospodarczy. W\u00a0takim przypadku dane mog\u0105 by\u0107 przekazywane do pa\u0144stw trzecich zgodnie z zasadami tych medi\u00f3w spo\u0142eczno\u015bciowych. Podmioty z grupy Meta przyst\u0105pi\u0142y do programu Data Privacy Framework, kt\u00f3ry gwarantuje odpowiedni poziom bezpiecze\u0144stwa danych osobowych. TikTok korzysta z tzw. Standardowych Klauzul Umownych (SCC) wymagaj\u0105cych zapewnienia adekwatnej ochrony danych oraz wdra\u017ca tzw. Project Clover ograniczaj\u0105cy transfer danych do Chin.<\/p><p>UWAGA: Powy\u017csza informacja nie dotyczy przetwarzania danych osobowych przez administratora serwisu Facebook\/Instagram\/TikTok.<\/p><ol start=\"9\"><li><strong>Informacja o plikach cookies<\/strong><\/li><\/ol><p>Pliki cookies to ma\u0142e pliki tekstowe zapisywane przez serwis internetowy na urz\u0105dzeniu ko\u0144cowym u\u017cytkownika (komputer, urz\u0105dzenie przeno\u015bne) za po\u015brednictwem przegl\u0105darki. Pliki te s\u0105 odczytywane lub modyfikowane podczas kolejnych wizyt i mog\u0105 zawiera\u0107 podstawowe informacje o u\u017cytkowniku, jego indywidualnych ustawieniach wygl\u0105du czy te\u017c dzia\u0142ania serwisu lub jakiekolwiek inne dane przydatne tw\u00f3rcom do stworzenia lepszego serwisu. Cookies zazwyczaj zawieraj\u0105 nazw\u0119 strony internetowej, z\u00a0kt\u00f3rej\u00a0pochodz\u0105, czas przechowywania ich na\u00a0urz\u0105dzeniu ko\u0144cowym oraz\u00a0unikalny numer.<\/p><p>W ramach strony internetowej stosowane s\u0105 nast\u0119puj\u0105ce pliki cookies:<\/p><ul><li>tymczasowe \u2013 pliki te\u00a0przechowuj\u0105 informacje odno\u015bnie akcji wykonanych przez\u00a0u\u017cytkownika podczas aktywnej sesji korzystania z\u00a0serwisu internetowego. Tymczasowe pliki cookie usuwane s\u0105\u00a0automatycznie przez\u00a0przegl\u0105dark\u0119 internetow\u0105 po\u00a0opuszczeniu serwisu internetowego. Zablokowanie tymczasowych plik\u00f3w cookies mo\u017ce uniemo\u017cliwi\u0107 korzystanie z\u00a0niekt\u00f3rych funkcjonalno\u015bci serwisu internetowego;<\/li><li>cookies os\u00f3b trzecich \u2013 pliki przechowuj\u0105 dane zgodnie z\u00a0polityk\u0105 prywatno\u015bci partnera serwisu internetowego. Partnerami serwisu internetowego s\u0105:<br \/>Google Analytics (cookies \u015bledz\u0105ce) \u2013 http:\/\/www.google.com\/analytics\/learn\/privacy.html<br \/>Facebook (wtyczka) \u2013 http:\/\/www.facebook.com\/help\/cookies<\/li><\/ul><p>Instagram (wtyczka) \u2013 https:\/\/privacycenter.instagram.com\/policies\/cookies\/<\/p><p>TikTok (wtyczka) \u2013 https:\/\/www.tiktok.com\/legal\/page\/eea\/privacy-policy\/pl<\/p><p>HRappka (formularz aplikacyjny) \u2013 https:\/\/hrappka.pl\/polityka-prywatnosci-hrappka-sp-z-o-o;<\/p><ul><li>trwa\u0142e \u2013 pliki te przechowuj\u0105 preferencje u\u017cytkownika dotycz\u0105ce dzia\u0142ania serwisu internetowego oraz\u00a0jego wygl\u0105du. S\u0142u\u017c\u0105 one do\u00a0zapami\u0119tywania danego komputera i\u00a0mog\u0105 by\u0107 kojarzone z danymi osobowymi. Trwa\u0142e pliki cookie usuwane s\u0105 automatycznie przez\u00a0przegl\u0105dark\u0119 internetow\u0105 po\u00a0okre\u015blonym w\u00a0nich okresie wa\u017cno\u015bci. Wykorzystuj\u0105c trwa\u0142e pliki cookie zwi\u0119kszamy komfort u\u017cytkownika podczas korzystania z serwisu internetowego.<\/li><\/ul><ol start=\"10\"><li><strong>Zarz\u0105dzanie plikami cookies<\/strong><\/li><\/ol><p>U\u017cytkownik mo\u017ce samodzielnie i w ka\u017cdym czasie zmieni\u0107 ustawienia dotycz\u0105ce plik\u00f3w cookies, okre\u015blaj\u0105c warunki ich przechowywania i uzyskiwania dost\u0119pu przez pliki cookies do Urz\u0105dzenia U\u017cytkownika. Zmiany ustawie\u0144 u\u017cytkownik mo\u017ce dokona\u0107 za pomoc\u0105 ustawie\u0144 przegl\u0105darki internetowej lub za\u00a0pomoc\u0105 konfiguracji us\u0142ugi. Ustawienia te\u00a0mog\u0105 zosta\u0107 zmienione w\u00a0szczeg\u00f3lno\u015bci w taki spos\u00f3b, aby blokowa\u0107 automatyczn\u0105 obs\u0142ug\u0119 plik\u00f3w cookies w\u00a0ustawieniach przegl\u0105darki internetowej b\u0105d\u017a informowa\u0107 o\u00a0ka\u017cdorazowym zamieszczeniu cookies na\u00a0urz\u0105dzeniu u\u017cytkownika. Szczeg\u00f3\u0142owe informacje o\u00a0mo\u017cliwo\u015bci i\u00a0sposobach obs\u0142ugi plik\u00f3w cookies dost\u0119pne s\u0105\u00a0w\u00a0ustawieniach oprogramowania (przegl\u0105darki internetowej).<\/p><p>U\u017cytkownik mo\u017ce w\u00a0ka\u017cdej chwili usun\u0105\u0107 pliki cookies korzystaj\u0105c z\u00a0dost\u0119pnych funkcji w\u00a0przegl\u0105darce internetowej, kt\u00f3rej\u00a0u\u017cywa. Ograniczenie stosowania plik\u00f3w cookies, mo\u017ce wp\u0142yn\u0105\u0107 na\u00a0niekt\u00f3re funkcjonalno\u015bci dost\u0119pne na\u00a0stronie internetowej.<\/p><p>Aktywna zgoda u\u017cytkownika jest wymagana w przypadku wykorzystywania plik\u00f3w cookies, kt\u00f3re nie s\u0105 niezb\u0119dne do poprawnego dzia\u0142ania strony, czyli np. cookies \u015bledz\u0105cych czy marketingowych. Pozyskiwanie\u00a0zgody wyra\u017conej za pomoc\u0105 ustawie\u0144 przegl\u0105darki b\u0119dzie obejmowa\u0142o jak\u0105\u015b form\u0119 aktywno\u015bci u\u017cytkownika wyra\u017anie nakierowan\u0105 na akceptacj\u0119 cookies np. naci\u015bni\u0119cie w okienku cookies przycisku potwierdzaj\u0105cego ustawienia przegl\u0105darki lub wy\u015bwietlanie banneru, za pomoc\u0105 kt\u00f3rego u\u017cytkownik aktywnie musi wyrazi\u0107 zgod\u0119 na u\u017cywanie cookies.<\/p>\t\t\t\t\t\t\t\t<\/div>\n\t\t\t\t\t<\/div>\n\t\t\t\t<\/div>\n\t\t\t\t<\/div>\n\t\t","protected":false},"excerpt":{"rendered":"<p>Polityka prywatno\u015bci witryny internetowej MGsolutions MGJJ Sp. z o.o. Sp. k.\u00a0 Informacje og\u00f3lne Niniejszy dokument okre\u015bla zasady przetwarzania i ochrony&#8230;<\/p>\n","protected":false},"author":1,"featured_media":0,"parent":0,"menu_order":0,"comment_status":"closed","ping_status":"closed","template":"","meta":{"footnotes":""},"class_list":["post-7056","page","type-page","status-publish","hentry"],"_links":{"self":[{"href":"https:\/\/mgopieka24.pl\/index.php\/wp-json\/wp\/v2\/pages\/7056","targetHints":{"allow":["GET"]}}],"collection":[{"href":"https:\/\/mgopieka24.pl\/index.php\/wp-json\/wp\/v2\/pages"}],"about":[{"href":"https:\/\/mgopieka24.pl\/index.php\/wp-json\/wp\/v2\/types\/page"}],"author":[{"embeddable":true,"href":"https:\/\/mgopieka24.pl\/index.php\/wp-json\/wp\/v2\/users\/1"}],"replies":[{"embeddable":true,"href":"https:\/\/mgopieka24.pl\/index.php\/wp-json\/wp\/v2\/comments?post=7056"}],"version-history":[{"count":4,"href":"https:\/\/mgopieka24.pl\/index.php\/wp-json\/wp\/v2\/pages\/7056\/revisions"}],"predecessor-version":[{"id":7092,"href":"https:\/\/mgopieka24.pl\/index.php\/wp-json\/wp\/v2\/pages\/7056\/revisions\/7092"}],"wp:attachment":[{"href":"https:\/\/mgopieka24.pl\/index.php\/wp-json\/wp\/v2\/media?parent=7056"}],"curies":[{"name":"wp","href":"https:\/\/api.w.org\/{rel}","templated":true}]}}